{"id":13908,"date":"2024-05-01T19:49:34","date_gmt":"2024-05-01T19:49:34","guid":{"rendered":"https:\/\/www.aezuff.org\/extranet\/?page_id=13908"},"modified":"2025-06-30T09:34:08","modified_gmt":"2025-06-30T09:34:08","slug":"provas-e-exames-2024","status":"publish","type":"page","link":"http:\/\/www.aezuff.org\/extranet\/provas-e-exames-2024\/","title":{"rendered":"Provas e Exames &#8211; 2025"},"content":{"rendered":"\n<p><\/p>\n\n\n\n<p><strong>Todas as informa\u00e7\u00f5es dispon\u00edveis em<\/strong> <a rel=\"noreferrer noopener\" href=\"https:\/\/iave.pt\/provas-e-exames\/informacoes\/\" target=\"_blank\">https:\/\/iave.pt\/provas-e-exames\/informacoes\/<\/a><\/p>\n\n\n\n<p><\/p>\n\n\n\n<p>Regulamento das Provas de Avalia\u00e7\u00e3o Externa e das Provas de Equival\u00eancia \u00e0 Frequ\u00eancia dos Ensinos B\u00e1sico e Secund\u00e1rio para o ano letivo 2024\/2025<\/p>\n\n\n\n<p>Resumo da Norma 02\/JNE\/2025 <\/p>\n\n\n\n<p>Calend\u00e1rio Provas de Equival\u00eancia Frequ\u00eancia_2025_3\u00ba Ciclo<\/p>\n\n\n\n<p><\/p>\n\n\n\n<figure class=\"wp-block-image size-full is-resized\"><img decoding=\"async\" loading=\"lazy\" width=\"990\" height=\"980\" src=\"https:\/\/www.aezuff.org\/extranet\/http:\/\/www.aezuff.org\/extranet\/wp-content\/uploads\/2012\/10\/\/2024\/05\/Lupa.jpg\" alt=\"\" class=\"wp-image-13910\" style=\"aspect-ratio:1.010204081632653;width:221px;height:auto\" srcset=\"http:\/\/www.aezuff.org\/extranet\/http:\/\/www.aezuff.org\/extranet\/wp-content\/uploads\/2012\/10\/2024\/05\/Lupa.jpg 990w, http:\/\/www.aezuff.org\/extranet\/http:\/\/www.aezuff.org\/extranet\/wp-content\/uploads\/2012\/10\/2024\/05\/Lupa-300x297.jpg 300w, http:\/\/www.aezuff.org\/extranet\/http:\/\/www.aezuff.org\/extranet\/wp-content\/uploads\/2012\/10\/2024\/05\/Lupa-768x760.jpg 768w, http:\/\/www.aezuff.org\/extranet\/http:\/\/www.aezuff.org\/extranet\/wp-content\/uploads\/2012\/10\/2024\/05\/Lupa-80x80.jpg 80w\" sizes=\"(max-width: 990px) 100vw, 990px\" \/><\/figure>\n","protected":false},"excerpt":{"rendered":"<p>Todas as informa\u00e7\u00f5es dispon\u00edveis em https:\/\/iave.pt\/provas-e-exames\/informacoes\/ Regulamento das Provas de Avalia\u00e7\u00e3o Externa e das Provas de Equival\u00eancia \u00e0 Frequ\u00eancia dos Ensinos B\u00e1sico e Secund\u00e1rio para o ano letivo 2024\/2025 Resumo da Norma 02\/JNE\/2025 Calend\u00e1rio&#46;&#46;&#46;<\/p>\n","protected":false},"author":1,"featured_media":13910,"parent":0,"menu_order":0,"comment_status":"closed","ping_status":"closed","template":"","meta":{"footnotes":""},"_links":{"self":[{"href":"http:\/\/www.aezuff.org\/extranet\/wp-json\/wp\/v2\/pages\/13908"}],"collection":[{"href":"http:\/\/www.aezuff.org\/extranet\/wp-json\/wp\/v2\/pages"}],"about":[{"href":"http:\/\/www.aezuff.org\/extranet\/wp-json\/wp\/v2\/types\/page"}],"author":[{"embeddable":true,"href":"http:\/\/www.aezuff.org\/extranet\/wp-json\/wp\/v2\/users\/1"}],"replies":[{"embeddable":true,"href":"http:\/\/www.aezuff.org\/extranet\/wp-json\/wp\/v2\/comments?post=13908"}],"version-history":[{"count":5,"href":"http:\/\/www.aezuff.org\/extranet\/wp-json\/wp\/v2\/pages\/13908\/revisions"}],"predecessor-version":[{"id":15113,"href":"http:\/\/www.aezuff.org\/extranet\/wp-json\/wp\/v2\/pages\/13908\/revisions\/15113"}],"wp:featuredmedia":[{"embeddable":true,"href":"http:\/\/www.aezuff.org\/extranet\/wp-json\/wp\/v2\/media\/13910"}],"wp:attachment":[{"href":"http:\/\/www.aezuff.org\/extranet\/wp-json\/wp\/v2\/media?parent=13908"}],"curies":[{"name":"wp","href":"https:\/\/api.w.org\/{rel}","templated":true}]}}