{"id":2181,"date":"2013-12-17T21:09:30","date_gmt":"2013-12-17T21:09:30","guid":{"rendered":"http:\/\/www.aezuff.org\/extranet\/?page_id=2181"},"modified":"2025-03-11T22:15:54","modified_gmt":"2025-03-11T22:15:54","slug":"plano-de-melhoria","status":"publish","type":"page","link":"http:\/\/www.aezuff.org\/extranet\/avaliacao\/plano-de-melhoria\/","title":{"rendered":"Autoavalia\u00e7\u00e3o do AEZUFF"},"content":{"rendered":"\n<figure class=\"wp-block-image size-large is-resized is-style-rounded\"><img decoding=\"async\" loading=\"lazy\" width=\"1024\" height=\"432\" src=\"https:\/\/www.aezuff.org\/extranet\/http:\/\/www.aezuff.org\/extranet\/wp-content\/uploads\/2012\/10\/\/2024\/02\/Lema-21_25-1024x432.jpg\" alt=\"\" class=\"wp-image-13602\" style=\"aspect-ratio:2.3703703703703702;width:379px;height:auto\" srcset=\"http:\/\/www.aezuff.org\/extranet\/http:\/\/www.aezuff.org\/extranet\/wp-content\/uploads\/2012\/10\/2024\/02\/Lema-21_25-1024x432.jpg 1024w, http:\/\/www.aezuff.org\/extranet\/http:\/\/www.aezuff.org\/extranet\/wp-content\/uploads\/2012\/10\/2024\/02\/Lema-21_25-300x126.jpg 300w, http:\/\/www.aezuff.org\/extranet\/http:\/\/www.aezuff.org\/extranet\/wp-content\/uploads\/2012\/10\/2024\/02\/Lema-21_25-768x324.jpg 768w, http:\/\/www.aezuff.org\/extranet\/http:\/\/www.aezuff.org\/extranet\/wp-content\/uploads\/2012\/10\/2024\/02\/Lema-21_25-1536x647.jpg 1536w, http:\/\/www.aezuff.org\/extranet\/http:\/\/www.aezuff.org\/extranet\/wp-content\/uploads\/2012\/10\/2024\/02\/Lema-21_25-2048x863.jpg 2048w\" sizes=\"(max-width: 1024px) 100vw, 1024px\" \/><\/figure>\n\n\n<h2 style=\"text-align: center;\">\u00a0<\/h2>\n<p><strong>Avalia\u00e7\u00e3o Externa das Escolas &#8211; AEZUFF 2010<br \/><\/strong><a href=\"http:\/\/www.aezuff.org\/extranet\/http:\/\/www.aezuff.org\/extranet\/wp-content\/uploads\/2012\/10\/\/2024\/02\/AEE_10_Ag_Zona_Urbana_Figueira_Foz_R.pdf\">Relat\u00f3rio<\/a><strong><br \/><\/strong><a href=\"http:\/\/www.aezuff.org\/extranet\/http:\/\/www.aezuff.org\/extranet\/wp-content\/uploads\/2012\/10\/\/2024\/02\/AEE_10_Ag_Zona_Urbana_Figueira_Foz_C.pdf\">Contradit\u00f3rio<\/a><\/p>\n<p><strong>Avalia\u00e7\u00e3o Externa das Escolas &#8211; AEZUFF 2013<\/strong><br \/><a href=\"http:\/\/www.aezuff.org\/extranet\/http:\/\/www.aezuff.org\/extranet\/wp-content\/uploads\/2012\/10\/\/2024\/02\/AEE_2013_AE_ZUrbanaFFoz_R.pdf\">Relat\u00f3rio<\/a><\/p>\n<p><strong>Avalia\u00e7\u00e3o Externa das Escolas &#8211; AEZUFF 2024<\/strong><\/p>\n<p><a href=\"http:\/\/www.aezuff.org\/extranet\/http:\/\/www.aezuff.org\/extranet\/wp-content\/uploads\/2012\/10\/\/2025\/03\/AEE_AE-Zona-Urbana-da-Figueira-da-Foz_Relatorio_2024_para-contraditorio.pdf\">Relat\u00f3rio<\/a><\/p>\n<p><a href=\"http:\/\/www.aezuff.org\/extranet\/http:\/\/www.aezuff.org\/extranet\/wp-content\/uploads\/2012\/10\/\/2025\/03\/Oficio-IGEC_Contraditorio-AEZUFF.pdf\">Contradit\u00f3rio<\/a><\/p>\n<p><a href=\"http:\/\/www.aezuff.org\/extranet\/http:\/\/www.aezuff.org\/extranet\/wp-content\/uploads\/2012\/10\/\/2025\/03\/COIMBRA_Figueira_Foz_AEE_AE_Zona_Urbana_Figueira_Foz_2023_2024_R_H.pdf\">Relat\u00f3rio homologado<\/a><\/p>\n<p>\u00a0<\/p>\n<p><strong><a href=\"http:\/\/www.aezuff.org\/extranet\/http:\/\/www.aezuff.org\/extranet\/wp-content\/uploads\/2012\/10\/\/2024\/02\/AEZUFF_Plano-de-Melhorias-IGEC.pdf\">Plano de Melhorias AEZUFF 2014<\/a><\/strong><\/p>\n<p><a href=\"http:\/\/www.aezuff.org\/extranet\/http:\/\/www.aezuff.org\/extranet\/wp-content\/uploads\/2012\/10\/\/2024\/02\/AEZUFF_Relatorio-de-AA_2013_2014.pdf\"><strong>Relat\u00f3rio de Autoavalia\u00e7\u00e3o 2013\/2014<\/strong><\/a><\/p>\n<p><a href=\"http:\/\/www.aezuff.org\/extranet\/http:\/\/www.aezuff.org\/extranet\/wp-content\/uploads\/2012\/10\/\/2024\/02\/AEZUFF_Relatorio-de-AA_2014_2015.pdf\"><strong>Relat\u00f3rio de Autoavalia\u00e7\u00e3o 2014\/2015<\/strong><\/a><\/p>\n<p><a href=\"http:\/\/www.aezuff.org\/extranet\/http:\/\/www.aezuff.org\/extranet\/wp-content\/uploads\/2012\/10\/\/2024\/02\/AEZUFF_Relatorio-de-AA_2015_2016.pdf\"><strong>Relat\u00f3rio de Autoavalia\u00e7\u00e3o 2015\/2016<\/strong><\/a><\/p>\n<p><a href=\"http:\/\/www.aezuff.org\/extranet\/http:\/\/www.aezuff.org\/extranet\/wp-content\/uploads\/2012\/10\/\/2024\/02\/AEZUFF_Relatorio-de-AA_2016_2017.pdf\"><strong>Relat\u00f3rio de Autoavalia\u00e7\u00e3o 2016\/2017<\/strong><\/a><\/p>\n<p><a href=\"http:\/\/www.aezuff.org\/extranet\/http:\/\/www.aezuff.org\/extranet\/wp-content\/uploads\/2012\/10\/\/2024\/02\/AEZUFF_Relatorio-de-AA_2017_2018.pdf\"><strong>Relat\u00f3rio de Autoavalia\u00e7\u00e3o 2017\/2018<\/strong><\/a><\/p>\n<p><a href=\"http:\/\/www.aezuff.org\/extranet\/http:\/\/www.aezuff.org\/extranet\/wp-content\/uploads\/2012\/10\/\/2024\/02\/AEZUFF_Relatorio-de-AA_2018_2019.pdf\"><strong>Relat\u00f3rio de Autoavalia\u00e7\u00e3o 2018\/2019<\/strong><\/a><\/p>\n<p><a href=\"http:\/\/www.aezuff.org\/extranet\/http:\/\/www.aezuff.org\/extranet\/wp-content\/uploads\/2012\/10\/\/2024\/02\/AEZUFF_Relatorio-de-AA_2019_2020.pdf\"><strong>Relat\u00f3rio de Autoavalia\u00e7\u00e3o 2019\/2020<\/strong><\/a><\/p>\n<h2>\u00a0<\/h2>\n<h2><strong>Avalia\u00e7\u00e3o Interna 2021\/2022<\/strong><\/h2>\n<p><strong>Plano Anual de Atividades &#8211; <a href=\"http:\/\/www.aezuff.org\/extranet\/http:\/\/www.aezuff.org\/extranet\/wp-content\/uploads\/2012\/10\/\/2024\/02\/Relatorio-PAA_1P_AEZUFF_21_22.pdf\">1.\u00ba Per\u00edodo<\/a> &#8211; <a href=\"http:\/\/www.aezuff.org\/extranet\/http:\/\/www.aezuff.org\/extranet\/wp-content\/uploads\/2012\/10\/\/2024\/02\/Relatorio-PAA_2P_AEZUFF_21_22.pdf\">2.\u00ba Per\u00edodo<\/a> &#8211; <a href=\"http:\/\/www.aezuff.org\/extranet\/http:\/\/www.aezuff.org\/extranet\/wp-content\/uploads\/2012\/10\/\/2024\/02\/Relatorio-PAA_3P_AEZUFF_21_22.pdf\">3.\u00ba Per\u00edodo<\/a><\/strong><\/p>\n<p><strong>Relat\u00f3rio Trimestral de Avalia\u00e7\u00e3o &#8211; <a href=\"http:\/\/www.aezuff.org\/extranet\/http:\/\/www.aezuff.org\/extranet\/wp-content\/uploads\/2012\/10\/\/2024\/02\/Relatorio-Trimestral_1P_AEZUFF_21_22.pdf\">1.\u00ba Per\u00edodo<\/a> &#8211; <a href=\"http:\/\/www.aezuff.org\/extranet\/http:\/\/www.aezuff.org\/extranet\/wp-content\/uploads\/2012\/10\/\/2024\/02\/Relatorio-Trimestral_2P_AEZUFF_21_22.pdf\">2.\u00ba Per\u00edodo<\/a> &#8211; <a href=\"http:\/\/www.aezuff.org\/extranet\/http:\/\/www.aezuff.org\/extranet\/wp-content\/uploads\/2012\/10\/\/2024\/02\/Relatorio-Trimestral_3P_AEZUFF_21_22.pdf\">3.\u00ba Per\u00edodo<\/a><\/strong><\/p>\n<p><strong>Relat\u00f3rio de Monitoriza\u00e7\u00e3o da EMAEI &#8211; 3.\u00ba Per\u00edodo<\/strong><\/p>\n<p><a href=\"http:\/\/www.aezuff.org\/extranet\/http:\/\/www.aezuff.org\/extranet\/wp-content\/uploads\/2012\/10\/\/2024\/02\/Relatorio-de-Acompanhamento-da-Carta-de-Missao_Diretora_21_22.pdf\"><strong>Relat\u00f3rio de Acompanhamento da Carta de Miss\u00e3o<\/strong><\/a><\/p>\n<h2>\u00a0<\/h2>\n<h2><strong>Avalia\u00e7\u00e3o Interna 2022\/2023<\/strong><\/h2>\n<p><strong>Plano Anual de Atividades &#8211; <a href=\"http:\/\/www.aezuff.org\/extranet\/http:\/\/www.aezuff.org\/extranet\/wp-content\/uploads\/2012\/10\/\/2024\/02\/1P_Relatorio-PAA_AEZUFF_22_23.pdf\">1.\u00ba Per\u00edodo<\/a> &#8211; <a href=\"http:\/\/www.aezuff.org\/extranet\/http:\/\/www.aezuff.org\/extranet\/wp-content\/uploads\/2012\/10\/\/2024\/02\/2P_Relatorio-PAA_AEZUFF_22_23.pdf\">2.\u00ba Per\u00edodo<\/a> &#8211; <a href=\"http:\/\/www.aezuff.org\/extranet\/http:\/\/www.aezuff.org\/extranet\/wp-content\/uploads\/2012\/10\/\/2024\/02\/3P_Relatorio-PAA_AEZUFF_22_23.pdf\">3.\u00ba Per\u00edodo<\/a><\/strong><\/p>\n<p><strong>Relat\u00f3rio Trimestral de Avalia\u00e7\u00e3o &#8211; <a href=\"http:\/\/www.aezuff.org\/extranet\/http:\/\/www.aezuff.org\/extranet\/wp-content\/uploads\/2012\/10\/\/2024\/02\/1P_Relatorio-trimestral-de-avaliacao_22_23.pdf\">1.\u00ba Per\u00edodo<\/a> &#8211; <a href=\"http:\/\/www.aezuff.org\/extranet\/http:\/\/www.aezuff.org\/extranet\/wp-content\/uploads\/2012\/10\/\/2024\/02\/2P_Relatorio-trimestral-de-avaliacao_22_23.pdf\">2.\u00ba Per\u00edodo<\/a> &#8211; <a href=\"http:\/\/www.aezuff.org\/extranet\/http:\/\/www.aezuff.org\/extranet\/wp-content\/uploads\/2012\/10\/\/2024\/02\/3P_Relatorio-trimestral-de-avaliacao_22_23.pdf\">3.\u00ba Per\u00edodo<\/a><\/strong><\/p>\n<p><strong>Relat\u00f3rio de Monitoriza\u00e7\u00e3o da EMAEI &#8211; 1.\u00ba Per\u00edodo &#8211; 2.\u00ba Per\u00edodo &#8211; 3.\u00ba Per\u00edodo<\/strong><\/p>\n<p><a href=\"http:\/\/www.aezuff.org\/extranet\/http:\/\/www.aezuff.org\/extranet\/wp-content\/uploads\/2012\/10\/\/2024\/02\/RELATORIO_Analise-questionarios-satisfacao_2022_2023.pdf\"><strong>Relat\u00f3rio <\/strong><strong>de An\u00e1lise dos Question\u00e1rios de Satisfa\u00e7\u00e3o<\/strong><\/a><\/p>\n<h2>\u00a0<\/h2>\n<h2><strong>Avalia\u00e7\u00e3o Interna 2023\/2024<\/strong><\/h2>\n<p><strong>Plano Anual de Atividades &#8211; <a href=\"http:\/\/www.aezuff.org\/extranet\/http:\/\/www.aezuff.org\/extranet\/wp-content\/uploads\/2012\/10\/\/2024\/04\/1P_Relatorio-PAA_AEZUFF_CP-11-janeiro.pdf\">1.\u00ba Per\u00edodo<\/a> &#8211; 2.\u00ba Per\u00edodo &#8211; 3.\u00ba Per\u00edodo<\/strong><\/p>\n<p><strong>Relat\u00f3rio Trimestral de Avalia\u00e7\u00e3o &#8211; <a href=\"http:\/\/www.aezuff.org\/extranet\/http:\/\/www.aezuff.org\/extranet\/wp-content\/uploads\/2012\/10\/\/2024\/04\/1P_Relatorio-trimestral-de-avaliacao_CP_11-de-janeiro2024.pdf\">1.\u00ba Per\u00edodo<\/a> &#8211; 2.\u00ba Per\u00edodo &#8211; 3.\u00ba Per\u00edodo<\/strong><\/p>\n<p><strong>Relat\u00f3rio de Monitoriza\u00e7\u00e3o da EMAEI &#8211; 1.\u00ba Per\u00edodo &#8211; 2.\u00ba Per\u00edodo &#8211; 3.\u00ba Per\u00edodo<\/strong><\/p>\n<p><a href=\"http:\/\/www.aezuff.org\/extranet\/http:\/\/www.aezuff.org\/extranet\/wp-content\/uploads\/2012\/10\/\/2024\/04\/Analise-questionarios-IGEC_20232024.pdf\"><strong>Relat\u00f3rio <\/strong><strong>de An\u00e1lise dos Question\u00e1rios de Satisfa\u00e7\u00e3o<\/strong><\/a><\/p>","protected":false},"excerpt":{"rendered":"<p>\u00a0 Avalia\u00e7\u00e3o Externa das Escolas &#8211; AEZUFF 2010Relat\u00f3rioContradit\u00f3rio Avalia\u00e7\u00e3o Externa das Escolas &#8211; AEZUFF 2013Relat\u00f3rio Avalia\u00e7\u00e3o Externa das Escolas &#8211; AEZUFF 2024 Relat\u00f3rio Contradit\u00f3rio Relat\u00f3rio homologado \u00a0 Plano de Melhorias AEZUFF 2014 Relat\u00f3rio de&#46;&#46;&#46;<\/p>\n","protected":false},"author":1,"featured_media":2182,"parent":1333,"menu_order":10,"comment_status":"closed","ping_status":"closed","template":"","meta":{"footnotes":""},"_links":{"self":[{"href":"http:\/\/www.aezuff.org\/extranet\/wp-json\/wp\/v2\/pages\/2181"}],"collection":[{"href":"http:\/\/www.aezuff.org\/extranet\/wp-json\/wp\/v2\/pages"}],"about":[{"href":"http:\/\/www.aezuff.org\/extranet\/wp-json\/wp\/v2\/types\/page"}],"author":[{"embeddable":true,"href":"http:\/\/www.aezuff.org\/extranet\/wp-json\/wp\/v2\/users\/1"}],"replies":[{"embeddable":true,"href":"http:\/\/www.aezuff.org\/extranet\/wp-json\/wp\/v2\/comments?post=2181"}],"version-history":[{"count":30,"href":"http:\/\/www.aezuff.org\/extranet\/wp-json\/wp\/v2\/pages\/2181\/revisions"}],"predecessor-version":[{"id":14878,"href":"http:\/\/www.aezuff.org\/extranet\/wp-json\/wp\/v2\/pages\/2181\/revisions\/14878"}],"up":[{"embeddable":true,"href":"http:\/\/www.aezuff.org\/extranet\/wp-json\/wp\/v2\/pages\/1333"}],"wp:featuredmedia":[{"embeddable":true,"href":"http:\/\/www.aezuff.org\/extranet\/wp-json\/wp\/v2\/media\/2182"}],"wp:attachment":[{"href":"http:\/\/www.aezuff.org\/extranet\/wp-json\/wp\/v2\/media?parent=2181"}],"curies":[{"name":"wp","href":"https:\/\/api.w.org\/{rel}","templated":true}]}}