{"id":1281,"date":"2013-02-04T09:02:58","date_gmt":"2013-02-04T09:02:58","guid":{"rendered":"http:\/\/www.aezuff.org\/extranet\/?page_id=1281"},"modified":"2016-09-22T16:02:27","modified_gmt":"2016-09-22T16:02:27","slug":"mapa-de-frequencia-rbe-abadias","status":"publish","type":"page","link":"https:\/\/www.aezuff.org\/extranet\/biblioteca-joao-de-barros\/mapa-de-frequencia-rbe-abadias\/","title":{"rendered":"Cat\u00e1logo de Livros RBE"},"content":{"rendered":"<h6><span style=\"color: #000080;\"><a href=\"http:\/\/www.aezuff.org\/extranet\/wp-content\/uploads\/2012\/10\/\/2013\/02\/RBE.jpg\"><img decoding=\"async\" loading=\"lazy\" class=\"wp-image-2333 aligncenter\" src=\"http:\/\/www.aezuff.org\/extranet\/wp-content\/uploads\/2012\/10\/\/2013\/02\/RBE.jpg\" alt=\"RBE\" width=\"135\" height=\"42\" \/><\/a><\/span><\/h6>\n<h6 style=\"text-align: justify;\"><span style=\"color: #000080;\">A Rede de Bibliotecas Escolares disponibiliza \u00e0s escolas um servi\u00e7o de alojamento dos seus cat\u00e1logos, possibilitando, deste modo, a pesquisa bibliogr\u00e1fica em linha.\u00a0<\/span><\/h6>\n<p>&nbsp;<\/p>\n<h6 style=\"text-align: center;\"><span style=\"color: #003300;\"><i style=\"text-align: center;\">EB de Abadias &#8211;\u00a0<a href=\"http:\/\/212.55.143.29\/bibliopac\/bin\/wxis.exe\/bibliopac\/?IsisScript=bibliopac\/bin\/bibliopac.xic&amp;db=EB1ABDSFGRFZ&amp;lang=P&amp;start=cfg-drec\">Pesquisa Simples<\/a><\/i><\/span><\/h6>\n<h6 style=\"text-align: center;\"><span style=\"color: #003300;\"><i>EB de Gala &#8211;\u00a0<a href=\"http:\/\/212.55.143.29\/bibliopac\/bin\/wxis.exe\/bibliopac\/?IsisScript=bibliopac\/bin\/bibliopac.xic&amp;db=EB1GALFGRFZ&amp;lang=P&amp;start=cfg-drec\">Pesquisa Simples<\/a><\/i><\/span><\/h6>\n<h6 style=\"text-align: center;\"><i>EB Dr. Jo\u00e3o de Barros &#8211;\u00a0<a href=\"http:\/\/212.55.143.29\/bibliopac\/bin\/wxis.exe\/bibliopac\/?IsisScript=bibliopac\/bin\/bibliopac.xic&amp;db=EBDJBARROS&amp;lang=P&amp;start=cfg-drec\">Pesquisa Simples<\/a><\/i><\/h6>\n<h6 style=\"text-align: center;\"><em>EB S. Juli\u00e3o, Tavarede &#8211; <a href=\"http:\/\/catalogos.rbe.mec.pt\/bibliopac\/bin\/wxis.exe\/bibliopac\/?IsisScript=bibliopac\/bin\/bibliopac.xic&amp;db=DB605003&amp;lang=P&amp;start=cfg2-drec1\">Pesquisa Simples<\/a><\/em><\/h6>\n","protected":false},"excerpt":{"rendered":"<p>A Rede de Bibliotecas Escolares disponibiliza \u00e0s escolas um servi\u00e7o de alojamento dos seus cat\u00e1logos, possibilitando, deste modo, a pesquisa bibliogr\u00e1fica em linha.\u00a0 &nbsp; EB de Abadias &#8211;\u00a0Pesquisa Simples EB de Gala &#8211;\u00a0Pesquisa Simples&#46;&#46;&#46;<\/p>\n","protected":false},"author":1,"featured_media":2333,"parent":207,"menu_order":0,"comment_status":"closed","ping_status":"open","template":"","meta":{"footnotes":""},"_links":{"self":[{"href":"https:\/\/www.aezuff.org\/extranet\/wp-json\/wp\/v2\/pages\/1281"}],"collection":[{"href":"https:\/\/www.aezuff.org\/extranet\/wp-json\/wp\/v2\/pages"}],"about":[{"href":"https:\/\/www.aezuff.org\/extranet\/wp-json\/wp\/v2\/types\/page"}],"author":[{"embeddable":true,"href":"https:\/\/www.aezuff.org\/extranet\/wp-json\/wp\/v2\/users\/1"}],"replies":[{"embeddable":true,"href":"https:\/\/www.aezuff.org\/extranet\/wp-json\/wp\/v2\/comments?post=1281"}],"version-history":[{"count":12,"href":"https:\/\/www.aezuff.org\/extranet\/wp-json\/wp\/v2\/pages\/1281\/revisions"}],"predecessor-version":[{"id":2332,"href":"https:\/\/www.aezuff.org\/extranet\/wp-json\/wp\/v2\/pages\/1281\/revisions\/2332"}],"up":[{"embeddable":true,"href":"https:\/\/www.aezuff.org\/extranet\/wp-json\/wp\/v2\/pages\/207"}],"wp:featuredmedia":[{"embeddable":true,"href":"https:\/\/www.aezuff.org\/extranet\/wp-json\/wp\/v2\/media\/2333"}],"wp:attachment":[{"href":"https:\/\/www.aezuff.org\/extranet\/wp-json\/wp\/v2\/media?parent=1281"}],"curies":[{"name":"wp","href":"https:\/\/api.w.org\/{rel}","templated":true}]}}