{"id":1301,"date":"2013-02-04T09:32:53","date_gmt":"2013-02-04T09:32:53","guid":{"rendered":"http:\/\/www.aezuff.org\/extranet\/?page_id=1301"},"modified":"2024-03-25T22:37:03","modified_gmt":"2024-03-25T22:37:03","slug":"normas-de-funcionamento","status":"publish","type":"page","link":"https:\/\/www.aezuff.org\/extranet\/a-escola\/jardim-de-infancia\/caceira\/normas-de-funcionamento\/","title":{"rendered":"Normas de Funcionamento"},"content":{"rendered":"<address style=\"margin: 12px auto 6px auto; font-family: Helvetica,Arial,Sans-serif; font-style: normal; font-variant: normal; font-weight: normal; font-size: 14px; line-height: normal; font-size-adjust: none; font-stretch: normal; -x-system-font: none; display: block;\">\u00a0<\/address>\n<address>Estas Normas de Funcionamento do JI de Caceira foram elaboradas a partir da legisla\u00e7\u00e3o em vigor e do Regulamento Interno do Agrupamento e aprovadas em Conselho Pedag\u00f3gico.<br \/>\nPretendem ser um documento orientador de condutas e procedimentos, de f\u00e1cil acesso a toda a comunidade educativa nomeadamente aos alunos desta escola pelo que se tentou fazer algumas altera\u00e7\u00f5es em rela\u00e7\u00e3o aos documentos em que se baseou, nomeadamente a n\u00edvel de simplifica\u00e7\u00e3o do vocabul\u00e1rio e de adequa\u00e7\u00e3o de conte\u00fados.<\/address>\n<address>\u00a0<\/address>\n<blockquote>\n<h5><a href=\"http:\/\/www.aezuff.org\/extranet\/http:\/\/www.aezuff.org\/extranet\/wp-content\/uploads\/2012\/10\/\/2024\/03\/Normas-de-funcionamento_JI-Caceira.pdf\"><span style=\"color: #008000;\"><em><strong>Normas de funcionamento_Caceira<\/strong><\/em><\/span><\/a><\/h5>\n<\/blockquote>\n","protected":false},"excerpt":{"rendered":"<p>\u00a0 Estas Normas de Funcionamento do JI de Caceira foram elaboradas a partir da legisla\u00e7\u00e3o em vigor e do Regulamento Interno do Agrupamento e aprovadas em Conselho Pedag\u00f3gico. Pretendem ser um documento orientador de&#46;&#46;&#46;<\/p>\n","protected":false},"author":1,"featured_media":3737,"parent":121,"menu_order":0,"comment_status":"closed","ping_status":"open","template":"","meta":{"footnotes":""},"_links":{"self":[{"href":"https:\/\/www.aezuff.org\/extranet\/wp-json\/wp\/v2\/pages\/1301"}],"collection":[{"href":"https:\/\/www.aezuff.org\/extranet\/wp-json\/wp\/v2\/pages"}],"about":[{"href":"https:\/\/www.aezuff.org\/extranet\/wp-json\/wp\/v2\/types\/page"}],"author":[{"embeddable":true,"href":"https:\/\/www.aezuff.org\/extranet\/wp-json\/wp\/v2\/users\/1"}],"replies":[{"embeddable":true,"href":"https:\/\/www.aezuff.org\/extranet\/wp-json\/wp\/v2\/comments?post=1301"}],"version-history":[{"count":8,"href":"https:\/\/www.aezuff.org\/extranet\/wp-json\/wp\/v2\/pages\/1301\/revisions"}],"predecessor-version":[{"id":13765,"href":"https:\/\/www.aezuff.org\/extranet\/wp-json\/wp\/v2\/pages\/1301\/revisions\/13765"}],"up":[{"embeddable":true,"href":"https:\/\/www.aezuff.org\/extranet\/wp-json\/wp\/v2\/pages\/121"}],"wp:featuredmedia":[{"embeddable":true,"href":"https:\/\/www.aezuff.org\/extranet\/wp-json\/wp\/v2\/media\/3737"}],"wp:attachment":[{"href":"https:\/\/www.aezuff.org\/extranet\/wp-json\/wp\/v2\/media?parent=1301"}],"curies":[{"name":"wp","href":"https:\/\/api.w.org\/{rel}","templated":true}]}}