{"id":14859,"date":"2025-03-11T21:45:24","date_gmt":"2025-03-11T21:45:24","guid":{"rendered":"https:\/\/www.aezuff.org\/extranet\/?page_id=14859"},"modified":"2025-03-11T22:03:37","modified_gmt":"2025-03-11T22:03:37","slug":"plano-de-prevencao-de-riscos-de-corrupcao-e-infracoes-conexas","status":"publish","type":"page","link":"https:\/\/www.aezuff.org\/extranet\/plano-de-prevencao-de-riscos-de-corrupcao-e-infracoes-conexas\/","title":{"rendered":"Plano de Preven\u00e7\u00e3o de Riscos de Corrup\u00e7\u00e3o e Infra\u00e7\u00f5es Conexas"},"content":{"rendered":"\n<p>O Agrupamento de Escolas da Zona Urbana da Figueira da Foz (doravante AEZUFF) reconhece a import\u00e2ncia de adotar medidas preventivas contra a corrup\u00e7\u00e3o, promovendo um ambiente escolar \u00edntegro, \u00e9tico e transparente.<\/p>\n\n\n\n<p>Este Plano de Preven\u00e7\u00e3o de Riscos de Corrup\u00e7\u00e3o e Infra\u00e7\u00f5es Conexas (PPRC) descreve as normas e mecanismos internos para prevenir, identificar e tratar pr\u00e1ticas que possam configurar atos de corrup\u00e7\u00e3o e infra\u00e7\u00f5es conexas, tendo como base o Mecanismo Nacional Anticorrup\u00e7\u00e3o e o regime geral de preven\u00e7\u00e3o da corrup\u00e7\u00e3o estabelecido pelo Decreto-Lei n.\u00ba 109-E\/2021.<\/p>\n\n\n\n<h2 class=\"wp-block-heading\"><strong>DOCUMENTA\u00c7\u00c3O ESSENCIAL<\/strong><\/h2>\n\n\n\n<p><strong><a href=\"http:\/\/www.aezuff.org\/extranet\/http:\/\/www.aezuff.org\/extranet\/wp-content\/uploads\/2012\/10\/\/2025\/03\/Codigo-Conduta-AEZUFF.pdf\">C\u00f3digo de Conduta<\/a><\/strong><\/p>\n\n\n\n<p><strong><a href=\"http:\/\/www.aezuff.org\/extranet\/http:\/\/www.aezuff.org\/extranet\/wp-content\/uploads\/2012\/10\/\/2025\/03\/Plano-Prevencao-Riscos-Corrupcao_AEZUFF.pdf\">Plano de Preven\u00e7\u00e3o de Riscos de Corrup\u00e7\u00e3o e Infra\u00e7\u00f5es Conexas<\/a><\/strong><\/p>\n\n\n\n<p><strong><a href=\"http:\/\/www.aezuff.org\/extranet\/http:\/\/www.aezuff.org\/extranet\/wp-content\/uploads\/2012\/10\/\/2025\/03\/Politica-privacidade_AEZUFF.pdf\">Pol\u00edtica de Privacidade do AEZUFF<\/a><\/strong><\/p>\n\n\n\n<p><\/p>\n\n\n\n<p>E-mail do\u00a0\u00a0respons\u00e1vel pelo cumprimento normativo (RCN)\u00a0do\u00a0PPRC &#8211; rcn@aezuff.org <\/p>\n\n\n\n<p><a href=\"https:\/\/forms.gle\/sVbh1xALRJKzWxKKA\">Formul\u00e1rio para den\u00fancia de corrup\u00e7\u00e3o<\/a><\/p>\n\n\n\n<p><a href=\"https:\/\/forms.gle\/DcKoUsMByjKSjrzd8\">Formul\u00e1rio para declara\u00e7\u00e3o de conflito de interesses<\/a><\/p>\n","protected":false},"excerpt":{"rendered":"<p>O Agrupamento de Escolas da Zona Urbana da Figueira da Foz (doravante AEZUFF) reconhece a import\u00e2ncia de adotar medidas preventivas contra a corrup\u00e7\u00e3o, promovendo um ambiente escolar \u00edntegro, \u00e9tico e transparente. Este Plano de&#46;&#46;&#46;<\/p>\n","protected":false},"author":1,"featured_media":0,"parent":0,"menu_order":0,"comment_status":"closed","ping_status":"closed","template":"","meta":{"footnotes":""},"_links":{"self":[{"href":"https:\/\/www.aezuff.org\/extranet\/wp-json\/wp\/v2\/pages\/14859"}],"collection":[{"href":"https:\/\/www.aezuff.org\/extranet\/wp-json\/wp\/v2\/pages"}],"about":[{"href":"https:\/\/www.aezuff.org\/extranet\/wp-json\/wp\/v2\/types\/page"}],"author":[{"embeddable":true,"href":"https:\/\/www.aezuff.org\/extranet\/wp-json\/wp\/v2\/users\/1"}],"replies":[{"embeddable":true,"href":"https:\/\/www.aezuff.org\/extranet\/wp-json\/wp\/v2\/comments?post=14859"}],"version-history":[{"count":5,"href":"https:\/\/www.aezuff.org\/extranet\/wp-json\/wp\/v2\/pages\/14859\/revisions"}],"predecessor-version":[{"id":14871,"href":"https:\/\/www.aezuff.org\/extranet\/wp-json\/wp\/v2\/pages\/14859\/revisions\/14871"}],"wp:attachment":[{"href":"https:\/\/www.aezuff.org\/extranet\/wp-json\/wp\/v2\/media?parent=14859"}],"curies":[{"name":"wp","href":"https:\/\/api.w.org\/{rel}","templated":true}]}}