{"id":2321,"date":"2014-02-10T15:07:45","date_gmt":"2014-02-10T15:07:45","guid":{"rendered":"http:\/\/www.aezuff.org\/extranet\/?page_id=2321"},"modified":"2014-02-10T15:13:26","modified_gmt":"2014-02-10T15:13:26","slug":"2321-2","status":"publish","type":"page","link":"https:\/\/www.aezuff.org\/extranet\/biblioteca-joao-de-barros\/2321-2\/","title":{"rendered":"Projeto Livros C\u00e1 e L\u00e1"},"content":{"rendered":"<h5 style=\"text-align: justify;\"><a style=\"line-height: 1.5; font-size: 16px; font-weight: 400;\" href=\"http:\/\/www.aezuff.org\/extranet\/wp-content\/uploads\/2012\/10\/\/2014\/02\/CIMG07571.jpg\"><img decoding=\"async\" loading=\"lazy\" class=\"alignleft  wp-image-2323\" alt=\"CIMG0757\" src=\"http:\/\/www.aezuff.org\/extranet\/wp-content\/uploads\/2012\/10\/\/2014\/02\/CIMG07571.jpg\" width=\"161\" height=\"121\" srcset=\"https:\/\/www.aezuff.org\/extranet\/http:\/\/www.aezuff.org\/extranet\/wp-content\/uploads\/2012\/10\/2014\/02\/CIMG07571.jpg 448w, https:\/\/www.aezuff.org\/extranet\/http:\/\/www.aezuff.org\/extranet\/wp-content\/uploads\/2012\/10\/2014\/02\/CIMG07571-300x224.jpg 300w\" sizes=\"(max-width: 161px) 100vw, 161px\" \/><\/a><\/h5>\n<p><a href=\"http:\/\/www.aezuff.org\/extranet\/wp-content\/uploads\/2012\/10\/\/2014\/02\/Livros-c\u00e1-e-l\u00e1-2013-2014.pdf\">Pode consultar aqui<\/a><\/p>\n<p>&nbsp;<\/p>\n<p>&nbsp;<\/p>\n<p><span style=\"color: #333399; font-weight: bold; line-height: 1.5; text-align: justify;\">&#8220;<\/span><span style=\"color: #333399; font-weight: bold; line-height: 1.5; text-align: justify;\">O Projeto \u201cLIVROS C\u00c1 E L\u00c1\u201d, conjugando os recursos humanos e materiais dispon\u00edveis ser\u00e1 dinamizado pelas Bibliotecas Escolares, em articula\u00e7\u00e3o com o Departamento da Educa\u00e7\u00e3o Pr\u00e9-Escolar e a Dire\u00e7\u00e3o Executiva.&#8221;<\/span><\/p>\n","protected":false},"excerpt":{"rendered":"<p>Pode consultar aqui &nbsp; &nbsp; &#8220;O Projeto \u201cLIVROS C\u00c1 E L\u00c1\u201d, conjugando os recursos humanos e materiais dispon\u00edveis ser\u00e1 dinamizado pelas Bibliotecas Escolares, em articula\u00e7\u00e3o com o Departamento da Educa\u00e7\u00e3o Pr\u00e9-Escolar e a Dire\u00e7\u00e3o&#46;&#46;&#46;<\/p>\n","protected":false},"author":1,"featured_media":2322,"parent":207,"menu_order":0,"comment_status":"closed","ping_status":"open","template":"page-templates\/full-width.php","meta":{"footnotes":""},"_links":{"self":[{"href":"https:\/\/www.aezuff.org\/extranet\/wp-json\/wp\/v2\/pages\/2321"}],"collection":[{"href":"https:\/\/www.aezuff.org\/extranet\/wp-json\/wp\/v2\/pages"}],"about":[{"href":"https:\/\/www.aezuff.org\/extranet\/wp-json\/wp\/v2\/types\/page"}],"author":[{"embeddable":true,"href":"https:\/\/www.aezuff.org\/extranet\/wp-json\/wp\/v2\/users\/1"}],"replies":[{"embeddable":true,"href":"https:\/\/www.aezuff.org\/extranet\/wp-json\/wp\/v2\/comments?post=2321"}],"version-history":[{"count":3,"href":"https:\/\/www.aezuff.org\/extranet\/wp-json\/wp\/v2\/pages\/2321\/revisions"}],"predecessor-version":[{"id":2326,"href":"https:\/\/www.aezuff.org\/extranet\/wp-json\/wp\/v2\/pages\/2321\/revisions\/2326"}],"up":[{"embeddable":true,"href":"https:\/\/www.aezuff.org\/extranet\/wp-json\/wp\/v2\/pages\/207"}],"wp:featuredmedia":[{"embeddable":true,"href":"https:\/\/www.aezuff.org\/extranet\/wp-json\/wp\/v2\/media\/2322"}],"wp:attachment":[{"href":"https:\/\/www.aezuff.org\/extranet\/wp-json\/wp\/v2\/media?parent=2321"}],"curies":[{"name":"wp","href":"https:\/\/api.w.org\/{rel}","templated":true}]}}