{"id":3623,"date":"2014-10-15T20:40:25","date_gmt":"2014-10-15T20:40:25","guid":{"rendered":"http:\/\/www.aezuff.org\/extranet\/?page_id=3623"},"modified":"2014-10-15T20:42:04","modified_gmt":"2014-10-15T20:42:04","slug":"rbe-dr-joao-de-barros","status":"publish","type":"page","link":"https:\/\/www.aezuff.org\/extranet\/biblioteca-joao-de-barros\/rbe-dr-joao-de-barros\/","title":{"rendered":"RBE Dr. Jo\u00e3o de Barros"},"content":{"rendered":"<h2 class=\"title\" style=\"text-align: center;\"><span style=\"color: #003300;\"><img decoding=\"async\" loading=\"lazy\" class=\"alignleft wp-image-3627 size-thumbnail\" src=\"http:\/\/www.aezuff.org\/extranet\/wp-content\/uploads\/2012\/10\/\/2014\/10\/Barritos-150x150.jpg\" alt=\"Barritos\" width=\"150\" height=\"150\" srcset=\"https:\/\/www.aezuff.org\/extranet\/http:\/\/www.aezuff.org\/extranet\/wp-content\/uploads\/2012\/10\/2014\/10\/Barritos-150x150.jpg 150w, https:\/\/www.aezuff.org\/extranet\/http:\/\/www.aezuff.org\/extranet\/wp-content\/uploads\/2012\/10\/2014\/10\/Barritos-160x160.jpg 160w\" sizes=\"(max-width: 150px) 100vw, 150px\" \/>Hor\u00e1rio da BE<\/span><\/h2>\n<address class=\"title\" style=\"text-align: center;\"><strong>Segunda a Sexta -feira<\/strong><\/address>\n<div class=\"widget-content\">\n<p style=\"text-align: center;\"><span style=\"color: #003300;\"><strong>8.30 h &#8211; 18.00 h<\/strong><\/span><\/p>\n<p style=\"text-align: center;\">\n<p>&nbsp;<\/p>\n<p><strong><span style=\"color: #003300;\">Equipa da BE<\/span><\/strong><\/p>\n<address class=\"widget-content\"><span style=\"color: #003300;\">Professora Bibliotec\u00e1ria: Isabel Lucas <\/span><\/address>\n<address class=\"widget-content\"><span style=\"color: #003300;\">Professores da Equipa: Anabela Carvalho, Gra\u00e7a Rocha, Helena Santos, Isabel Trindade <\/span><\/address>\n<address class=\"widget-content\"><span style=\"color: #003300;\">Assistente Operacional: Ana Sousa<\/span><\/address>\n<\/div>\n","protected":false},"excerpt":{"rendered":"<p>Hor\u00e1rio da BE Segunda a Sexta -feira 8.30 h &#8211; 18.00 h &nbsp; Equipa da BE Professora Bibliotec\u00e1ria: Isabel Lucas Professores da Equipa: Anabela Carvalho, Gra\u00e7a Rocha, Helena Santos, Isabel Trindade Assistente Operacional: Ana&#46;&#46;&#46;<\/p>\n","protected":false},"author":1,"featured_media":3627,"parent":207,"menu_order":0,"comment_status":"closed","ping_status":"open","template":"","meta":{"footnotes":""},"_links":{"self":[{"href":"https:\/\/www.aezuff.org\/extranet\/wp-json\/wp\/v2\/pages\/3623"}],"collection":[{"href":"https:\/\/www.aezuff.org\/extranet\/wp-json\/wp\/v2\/pages"}],"about":[{"href":"https:\/\/www.aezuff.org\/extranet\/wp-json\/wp\/v2\/types\/page"}],"author":[{"embeddable":true,"href":"https:\/\/www.aezuff.org\/extranet\/wp-json\/wp\/v2\/users\/1"}],"replies":[{"embeddable":true,"href":"https:\/\/www.aezuff.org\/extranet\/wp-json\/wp\/v2\/comments?post=3623"}],"version-history":[{"count":5,"href":"https:\/\/www.aezuff.org\/extranet\/wp-json\/wp\/v2\/pages\/3623\/revisions"}],"predecessor-version":[{"id":3629,"href":"https:\/\/www.aezuff.org\/extranet\/wp-json\/wp\/v2\/pages\/3623\/revisions\/3629"}],"up":[{"embeddable":true,"href":"https:\/\/www.aezuff.org\/extranet\/wp-json\/wp\/v2\/pages\/207"}],"wp:featuredmedia":[{"embeddable":true,"href":"https:\/\/www.aezuff.org\/extranet\/wp-json\/wp\/v2\/media\/3627"}],"wp:attachment":[{"href":"https:\/\/www.aezuff.org\/extranet\/wp-json\/wp\/v2\/media?parent=3623"}],"curies":[{"name":"wp","href":"https:\/\/api.w.org\/{rel}","templated":true}]}}